{"id":548,"date":"2024-07-03T12:20:14","date_gmt":"2024-07-03T12:20:14","guid":{"rendered":"https:\/\/ciapavia.com\/?page_id=548"},"modified":"2024-07-03T13:01:38","modified_gmt":"2024-07-03T13:01:38","slug":"informativa-privacy-agriservice","status":"publish","type":"page","link":"https:\/\/ciapavia.com\/index.php\/informativa-privacy-agriservice\/","title":{"rendered":"Informativa privacy Agriservice"},"content":{"rendered":"\n<p><strong>AI SENSI DELL\u2019ART. 13 REG. UE 2016\/679 (GDPR)<\/strong><\/p>\n\n\n\n<p><strong><a href=\"https:\/\/ciapavia.com\/wp-content\/uploads\/2024\/07\/Informativa-privacy-Agriservice.pdf\">Scarica la versione PDF della pagina<\/a><\/strong><\/p>\n\n\n\n<p>Gentile <strong>Interessato<\/strong>,<\/p>\n\n\n\n<p>con il presente documento <strong>AGRISERVICE ELABORAZIONE DATI SRL<\/strong> Le fornisce informazioni sulle caratteristiche e le modalit\u00e0 del trattamento dei Suoi dati personali, acquisiti, anche verbalmente, direttamente o tramite terzi, necessari all\u2019espletamento delle prestazioni amministrative, contabili, gestionali e contrattuali connesse o derivanti dall\u2019esecuzione del contratto.<\/p>\n\n\n\n<p>Ogni trattamento che verr\u00e0 effettuato dei Suoi dati personali sar\u00e0 improntato ai criteri di liceit\u00e0, correttezza e trasparenza.<\/p>\n\n\n\n<ol class=\"wp-block-list\">\n<li><strong>IDENTIT\u00c0 E DATI DI CONTATTO DEL TITOLARE.<\/strong><\/li>\n<\/ol>\n\n\n\n<p>Il Titolare del trattamento dei dati (di seguito anche \u201cTitolare<strong>\u201d<\/strong>) \u00e8 Agriservice Elaborazione Dati Srl, in persona del Presidente e legale rappresentante p.t.,con sede legale in 27100 Pavia alla via San Paolo n.16, C.F. 01518800188, tel. +39 0382\/27605, e-mail <a href=\"mailto:paviafiscale@cia.it\">paviafiscale@cia.it<\/a>, PEC <a href=\"mailto:pavia.fiscale@cia.legalmail.it\">pavia.fiscale@cia.legalmail.it<\/a>.<\/p>\n\n\n\n<ul class=\"wp-block-list\">\n<li><strong>RESPONSABILE PER LA PROTEZIONE DEI DATI PERSONALI (cd. RDP o DPO)<\/strong><\/li>\n<\/ul>\n\n\n\n<p>Il Titolare del trattamento ha nominato quale Responsabile della protezione dei dati personali Piramis s.r.l., in persona del legale rappresentante p.t., i cui dati di contatto sono: Email: <a href=\"mailto:dpo@easygdpr.it\">dpo@easygdpr.it<\/a>; Tel: +39 030 9658901.<\/p>\n\n\n\n<ul class=\"wp-block-list\">\n<li><strong>TIPOLOGIA DEI DATI SOGGETTI A TRATTAMENTO<\/strong><\/li>\n<\/ul>\n\n\n\n<p>Questi i Suoi dati che verranno trattati dal Titolare:<\/p>\n\n\n\n<p>a) dati anagrafici, di contatto e identificativi (a mero titolo esemplificativo e non esaustivo informazioni relative al nome, cognome, data di nascita e residenza o domicilio, numero di telefono, indirizzo email, numero tessera sanitaria, tipo e numero documento, ecc.);<\/p>\n\n\n\n<p>b) dati bancari, ai fini dell\u2019acquisto dei prodotti e della relativa fatturazione.<\/p>\n\n\n\n<p>c)[se il cliente \u00e8 societ\u00e0] [dati anagrafici, di contatto e recapiti inerenti persone fisiche suoi dipendenti e\/o collaboratori ove nominati referenti, utili alla corretta gestione del rapporto in essere, inclusi, ove necessario, i dati del legale rappresentante del Fornitore persona giuridica]<\/p>\n\n\n\n<ul class=\"wp-block-list\">\n<li><strong>DEFINIZIONE DI TRATTAMENTO<\/strong><\/li>\n<\/ul>\n\n\n\n<p>Ai sensi dell\u2019art. 4 (2) del GDPR per \u201cTrattamento\u201d si intende \u201c qualsiasi operazione o insieme di operazioni, compiute con o senza l&#8217;ausilio di processi automatizzati e applicate a dati personali o insiemi di dati personali, come la raccolta, la registrazione, l&#8217;organizzazione, la strutturazione, la conservazione, l&#8217;adattamento o la modifica, l&#8217;estrazione, la consultazione, l&#8217;uso, la comunicazione mediante trasmissione, diffusione o qualsiasi altra forma di messa a disposizione, il raffronto o l&#8217;interconnessione, la limitazione, la cancellazione o la distruzione\u201d.<\/p>\n\n\n\n<ul class=\"wp-block-list\">\n<li><strong>FINALIT\u00c0 DEL TRATTAMENTO DEI DATI.<\/strong><\/li>\n<\/ul>\n\n\n\n<p>I Suoi dati personali verranno trattati per le seguenti finalit\u00e0:<\/p>\n\n\n\n<ol class=\"wp-block-list\" style=\"list-style-type:lower-alpha\">\n<li>stipulazione ed esecuzione del contratto e di tutte le attivit\u00e0 ad esso connesse, quali, a titolo esemplificativo, fatturazione, tutela del credito, servizi amministrativi, gestionali, organizzativi e funzionali al rapporto contrattuale (incluso l\u2019assolvimento di obblighi pre e\/o post contrattuali);<\/li>\n\n\n\n<li>adempimento degli obblighi previsti da leggi, regolamenti, normative nazionali e\/o comunitarie in materia contrattuale, contabile e fiscale e per conseguire un\u2019efficace gestione dei rapporti commerciali e altre disposizioni impartite da autorit\u00e0 investite dalla legge e da organi di vigilanza e controllo.<\/li>\n<\/ol>\n\n\n\n<ul class=\"wp-block-list\">\n<li><strong>BASE GIURIDICA DEL TRATTAMENTO.<\/strong><\/li>\n<\/ul>\n\n\n\n<p>Il trattamento dei Dati Personali, per le finalit\u00e0 indicate, non richiede il consenso dell\u2019Interessato, essendo necessario per dare esecuzione alle misure precontrattuali\/rapporto contrattuale in oggetto e consentire il reciproco adempimento delle obbligazioni che ne discendono, nonch\u00e9 per consentire a CIA PAVIA l\u2019adempimento di obblighi di legge e\/o il perseguimento del legittimo interesse a svolgere la propria attivit\u00e0.<\/p>\n\n\n\n<p>Le basi giuridiche che rendono lecito il trattamento dei dati sono costituite:<\/p>\n\n\n\n<p>per le finalit\u00e0 contrattuali, dalla necessit\u00e0 di garantire la corretta gestione ed esecuzione del rapporto precontrattuale e contrattuale (art. 6, par. 1 lett. B, GDPR), e quindi non \u00e8 necessario ricevere il Suo esplicito consenso;<\/p>\n\n\n\n<p>per le finalit\u00e0 legali, dalla necessit\u00e0 di garantire l\u2019adempimento degli obblighi previsti dalla legislazione nazionale e sovranazionale (art. 6, par. 1 lett. C, GDPR), e quindi non \u00e8 necessario ricevere il Suo esplicito consenso.<\/p>\n\n\n\n<ul class=\"wp-block-list\">\n<li><strong>MODALIT\u00c0 DEL TRATTAMENTO DEI DATI.<\/strong><\/li>\n<\/ul>\n\n\n\n<p>Il trattamento avverr\u00e0 con strumenti elettronici, informatici o automatizzati, nonch\u00e9 cartacei.<\/p>\n\n\n\n<p>Il trattamento \u00e8 svolto dal Titolare e dai collaboratori e\/o dipendenti del Titolare in qualit\u00e0 di soggetti autorizzati al trattamento, nonch\u00e9 dai responsabili del trattamento specificamente individuati per iscritto, nell\u2019ambito delle rispettive funzioni ed in conformit\u00e0 alle istruzioni impartite dal Titolare, assicurando l\u2019impiego di misure idonee per la sicurezza dei dati trattati e garantendone la riservatezza.<\/p>\n\n\n\n<p>Secondo le norme del Regolamento, i trattamenti effettuati dal titolare saranno improntati ai principi di liceit\u00e0, correttezza, trasparenza, limitazione delle finalit\u00e0 e della conservazione, minimizzazione dei dati, esattezza, integrit\u00e0 e riservatezza.<\/p>\n\n\n\n<p>I dati saranno sempre trattati nel massimo rispetto del principio della riservatezza anche nel caso di gestione degli stessi da parte di terzi soggetti espressamente incaricati dal Titolare.<\/p>\n\n\n\n<p>I Suoi dati non sono soggetti ad alcun processo decisionale automatizzato.<\/p>\n\n\n\n<ul class=\"wp-block-list\">\n<li><strong>PERIODO DI CONSERVAZIONE.<\/strong><\/li>\n<\/ul>\n\n\n\n<p>I Suoi dati personali verranno conservati durante l\u2019esecuzione del contratto e per un periodo di dieci anni successivi alla cessazione\/completamento dello stesso al fine di adempiere agli obblighi di natura fiscale e contabile, nonch\u00e9 per la tutela giudiziale nel caso di controversie scaturenti dal contratto stesso. I dati raccolti per obblighi legali verranno conservati fino all\u2019adempimento degli stessi e comunque secondo i periodi\/criteri di conservazione previsti dagli obblighi di legge a cui il Titolare \u00e8 soggetto. \u00c8 fatta salva l\u2019ulteriore conservazione l\u2019ulteriore conservazione qualora sia necessario per la difesa dei diritti del Titolare.<\/p>\n\n\n\n<p>La presente informativa sar\u00e0 considerata valida anche per i successivi contratti che Voi doveste concludere con il Titolare.<\/p>\n\n\n\n<ul class=\"wp-block-list\">\n<li><strong>DESTINATARI DEI DATI PERSONALI.<\/strong><\/li>\n<\/ul>\n\n\n\n<p>I dati personali da lei forniti possono venire a conoscenza del Titolare, degli incaricati e\/o dei responsabili del trattamento. La lista dei Responsabili del trattamento, ove nominati, \u00e8 disponibile a richiesta.<\/p>\n\n\n\n<p>Eventuali ulteriori categorie di destinatari che potrebbero venire a conoscenza dei suoi dati personali durante o successivamente all\u2019esecuzione del contratto sono:<\/p>\n\n\n\n<ol class=\"wp-block-list\" style=\"list-style-type:lower-alpha\">\n<li>i soggetti che elaborano i dati in esecuzione di specifici obblighi di legge;<\/li>\n\n\n\n<li>gli istituti di credito che eroghino prestazioni funzionali alle finalit\u00e0 sopra descritte;<\/li>\n\n\n\n<li>le societ\u00e0 di assistenza software e hardware;<\/li>\n\n\n\n<li>societ\u00e0 o professionisti per la tutela giudiziale o stragiudiziale dei diritti del Titolare;<\/li>\n\n\n\n<li>i consulenti esterni che eroghino prestazioni funzionali alle finalit\u00e0 sopra indicate, individuati per iscritto ed ai quali sono state date specifiche istruzioni scritte con riferimento al trattamento dei dati personali;<\/li>\n\n\n\n<li>in genere, tutti quei soggetti pubblici e privati cui la comunicazione sia necessaria per il corretto e completo adempimento delle finalit\u00e0 sopra indicate.<\/li>\n<\/ol>\n\n\n\n<ol class=\"wp-block-list\">\n<li><strong>DIFFUSIONE DEI DATI.<\/strong><\/li>\n<\/ol>\n\n\n\n<p>Salvo sua specifica richiesta scritta, o preciso ordine dell\u2019A.G.\/obbligo normativo, i dati personali da Lei conferiti non sono soggetti a diffusione.<\/p>\n\n\n\n<ol class=\"wp-block-list\">\n<li><strong>TRASFERIMENTO DEI DATI ALL\u2019ESTERO.<\/strong><\/li>\n<\/ol>\n\n\n\n<p>I dati raccolti non verranno trasferiti verso Paesi terzi o organizzazioni internazionali.<\/p>\n\n\n\n<p>Alcuni Dati Personali dei soggetti interessati sono condivisi con Destinatari che si potrebbero trovare al di fuori dello Spazio Economico Europeo. Il Titolare assicura che il trasferimento ed il trattamento avverranno nel rispetto della normativa applicabile. Invero, i trasferimenti verranno effettuati tramite adeguate garanzie, quali decisioni di adeguatezza, clausole contrattuali tipo approvate dalla Commissione Europea o altri strumenti legali.<\/p>\n\n\n\n<ol class=\"wp-block-list\">\n<li><strong>CONFERIMENTO DEI DATI.<\/strong><\/li>\n<\/ol>\n\n\n\n<p>Il conferimento dei dati personali non \u00e8 obbligatorio; tuttavia, \u00e8 necessario per l\u2019esatta esecuzione degli obblighi contrattuali e precontrattuali. Il Titolare precisa che Le verranno richiesti soltanto i dati strettamente necessari per la conclusione del contratto e per l\u2019esecuzione delle obbligazioni o degli obblighi di legge da esso derivanti.&nbsp;<\/p>\n\n\n\n<ol class=\"wp-block-list\">\n<li><strong>RIFIUTO DI CONFERIMENTO DEI DATI.<\/strong><\/li>\n<\/ol>\n\n\n\n<p>La mancata indicazione dei dati da parte dell\u2019interessato comporta l\u2019impossibilit\u00e0 di stipulare il contratto nonch\u00e9 di eseguire le misure precontrattuali da Lei richieste, e di portare a termine in maniera esatta l\u2019adempimento delle obbligazioni contrattuali, cos\u00ec come gli adempimenti (anche legali) derivanti o connessi al contratto e, pi\u00f9 in generale, l\u2019impossibilit\u00e0 di adempiere alle attivit\u00e0 sopra indicate.<\/p>\n\n\n\n<ol class=\"wp-block-list\">\n<li><strong>DIRITTI DELL\u2019INTERESSATO.<\/strong><\/li>\n<\/ol>\n\n\n\n<p>La normativa conferisce all\u2019Interessato l\u2019esercizio di specifici diritti elencati agli artt. da 15 a 22 del GDPR, tra cui quello di ottenere dal Titolare la conferma, o meno, dell\u2019esistenza di propri dati personali (ovvero l\u2019accesso), la loro messa a disposizione in forma intelligibile, nonch\u00e9 la rettifica, o la cancellazione degli stessi, o di limitarne in tutto o in parte il trattamento o opporsi per motivi legittimi al medesimo e\/o revocare il consenso al trattamento in qualsiasi momento (fermo restando le conseguenze indicate), o di chiedere la portabilit\u00e0 dei propri dati per quanto riguarda i dati oggetto di specifico consenso, o ancora l\u2019aggiornamento.<\/p>\n\n\n\n<p>L\u2019interessato ha diritto di avere conoscenza dell\u2019origine dei dati, della finalit\u00e0 e delle modalit\u00e0 del trattamento, della logica applicata al trattamento, degli estremi identificativi del titolare e dei soggetti cui i dati possono essere comunicati.<\/p>\n\n\n\n<p>L\u2019Interessato ha altres\u00ec il diritto di chiedere la trasformazione in forma anonima, la limitazione o il blocco dei dati trattati in violazione della legge; pu\u00f2 altres\u00ec proporre reclamo per quanto concerne il trattamento non autorizzato dei dati conferiti al Garante per la Protezione dei Dati Personali con le modalit\u00e0 pubblicate sul sito di detta autorit\u00e0 (<a href=\"http:\/\/www.garanteprivacy.it\/\">http:\/\/www.garanteprivacy.it\/<\/a>).<\/p>\n\n\n\n<p>Le richieste relative all\u2019esercizio dei predetti diritti possono essere indirizzate al Titolare del trattamento, ai recapiti sopra indicati, senza formalit\u00e0 o, in alternativa, utilizzando il modello previsto dal Garante per la Protezione dei Dati Personali reperibile al Sito internet: <a href=\"http:\/\/www.garanteprivacy.it\/web\/guest\/home\/docweb\/-\/docweb-display\/docweb\/1089924\">http:\/\/www.garanteprivacy.it\/web\/guest\/home\/docweb\/-\/docweb-display\/docweb\/1089924<\/a>.<\/p>\n\n\n\n<p>L\u2019esercizio dei premessi diritti pu\u00f2 essere esercitato mediante comunicazione scritta da inviare a mezzo PEC o mediante lettera raccomandata a\/r indirizzata alla struttura sopra citata.&nbsp;<\/p>\n\n\n\n<ol class=\"wp-block-list\">\n<li><strong>MODIFICHE ALLA PRESENTE INFORMATIVA<\/strong><\/li>\n<\/ol>\n\n\n\n<p>La presente informativa potr\u00e0 subire modifiche nel corso del tempo, in ragione dell\u2019eventuale entrata in vigore di nuove norme, dell\u2019aggiornamento e\/o erogazione di nuovi servizi ovvero di intervenute innovazioni tecnologiche.<\/p>\n\n\n\n<p>Luogo e data ultima modifica<\/p>\n\n\n\n<p>Pavia, 01\/07\/2024<\/p>\n","protected":false},"excerpt":{"rendered":"<p>AI SENSI DELL\u2019ART. 13 REG. UE 2016\/679 (GDPR) Scarica la versione PDF della pagina Gentile Interessato, con il presente documento AGRISERVICE ELABORAZIONE DATI SRL Le fornisce informazioni sulle caratteristiche e le modalit\u00e0 del trattamento dei Suoi dati personali, acquisiti, anche verbalmente, direttamente o tramite terzi, necessari all\u2019espletamento delle prestazioni amministrative, contabili, gestionali e contrattuali connesse &#8230; <a href=\"https:\/\/ciapavia.com\/index.php\/informativa-privacy-agriservice\/\" class=\"more-link\">Read More <span class=\"screen-reader-text\">about  Informativa privacy Agriservice<\/span><\/a><\/p>\n","protected":false},"author":1,"featured_media":0,"parent":0,"menu_order":0,"comment_status":"closed","ping_status":"closed","template":"","meta":{"_genesis_hide_title":false,"_genesis_hide_breadcrumbs":false,"_genesis_hide_singular_image":false,"_genesis_hide_footer_widgets":false,"_genesis_custom_body_class":"","_genesis_custom_post_class":"","_genesis_layout":"","footnotes":""},"class_list":{"0":"post-548","1":"page","2":"type-page","3":"status-publish","5":"entry"},"yoast_head":"<!-- This site is optimized with the Yoast SEO plugin v27.3 - https:\/\/yoast.com\/product\/yoast-seo-wordpress\/ -->\n<title>Informativa privacy Agriservice - Cia Agricoltori Italiani Pavia<\/title>\n<meta name=\"robots\" content=\"index, follow, max-snippet:-1, max-image-preview:large, max-video-preview:-1\" \/>\n<link rel=\"canonical\" href=\"https:\/\/ciapavia.com\/index.php\/informativa-privacy-agriservice\/\" \/>\n<meta property=\"og:locale\" content=\"it_IT\" \/>\n<meta property=\"og:type\" content=\"article\" \/>\n<meta property=\"og:title\" content=\"Informativa privacy Agriservice - Cia Agricoltori Italiani Pavia\" \/>\n<meta property=\"og:description\" content=\"AI SENSI DELL\u2019ART. 13 REG. UE 2016\/679 (GDPR) Scarica la versione PDF della pagina Gentile Interessato, con il presente documento AGRISERVICE ELABORAZIONE DATI SRL Le fornisce informazioni sulle caratteristiche e le modalit\u00e0 del trattamento dei Suoi dati personali, acquisiti, anche verbalmente, direttamente o tramite terzi, necessari all\u2019espletamento delle prestazioni amministrative, contabili, gestionali e contrattuali connesse ... Read More about Informativa privacy Agriservice\" \/>\n<meta property=\"og:url\" content=\"https:\/\/ciapavia.com\/index.php\/informativa-privacy-agriservice\/\" \/>\n<meta property=\"og:site_name\" content=\"Cia Agricoltori Italiani Pavia\" \/>\n<meta property=\"article:publisher\" content=\"https:\/\/www.facebook.com\/cia.provinciapavia\" \/>\n<meta property=\"article:modified_time\" content=\"2024-07-03T13:01:38+00:00\" \/>\n<meta property=\"og:image\" content=\"https:\/\/ciapavia.com\/wp-content\/uploads\/2022\/12\/logo_sito.png\" \/>\n\t<meta property=\"og:image:width\" content=\"720\" \/>\n\t<meta property=\"og:image:height\" content=\"250\" \/>\n\t<meta property=\"og:image:type\" content=\"image\/png\" \/>\n<meta name=\"twitter:card\" content=\"summary_large_image\" \/>\n<meta name=\"twitter:label1\" content=\"Tempo di lettura stimato\" \/>\n\t<meta name=\"twitter:data1\" content=\"9 minuti\" \/>\n<script type=\"application\/ld+json\" class=\"yoast-schema-graph\">{\"@context\":\"https:\\\/\\\/schema.org\",\"@graph\":[{\"@type\":\"WebPage\",\"@id\":\"https:\\\/\\\/ciapavia.com\\\/index.php\\\/informativa-privacy-agriservice\\\/\",\"url\":\"https:\\\/\\\/ciapavia.com\\\/index.php\\\/informativa-privacy-agriservice\\\/\",\"name\":\"Informativa privacy Agriservice - Cia Agricoltori Italiani Pavia\",\"isPartOf\":{\"@id\":\"https:\\\/\\\/ciapavia.com\\\/#website\"},\"datePublished\":\"2024-07-03T12:20:14+00:00\",\"dateModified\":\"2024-07-03T13:01:38+00:00\",\"breadcrumb\":{\"@id\":\"https:\\\/\\\/ciapavia.com\\\/index.php\\\/informativa-privacy-agriservice\\\/#breadcrumb\"},\"inLanguage\":\"it-IT\",\"potentialAction\":[{\"@type\":\"ReadAction\",\"target\":[\"https:\\\/\\\/ciapavia.com\\\/index.php\\\/informativa-privacy-agriservice\\\/\"]}]},{\"@type\":\"BreadcrumbList\",\"@id\":\"https:\\\/\\\/ciapavia.com\\\/index.php\\\/informativa-privacy-agriservice\\\/#breadcrumb\",\"itemListElement\":[{\"@type\":\"ListItem\",\"position\":1,\"name\":\"Home\",\"item\":\"https:\\\/\\\/ciapavia.com\\\/\"},{\"@type\":\"ListItem\",\"position\":2,\"name\":\"Informativa privacy Agriservice\"}]},{\"@type\":\"WebSite\",\"@id\":\"https:\\\/\\\/ciapavia.com\\\/#website\",\"url\":\"https:\\\/\\\/ciapavia.com\\\/\",\"name\":\"Cia Agricoltori Italiani Pavia\",\"description\":\"La Cia-Agricoltori Italiani \u00e8 una delle maggiori organizzazioni di categoria d\u2019Europa che lavora per il miglioramento e la valorizzazione del settore primario e per la tutela delle condizioni dei suoi addetti\",\"publisher\":{\"@id\":\"https:\\\/\\\/ciapavia.com\\\/#organization\"},\"alternateName\":\"La Cia-Agricoltori Italiani \u00e8 una delle maggiori organizzazioni di categoria d\u2019Europa che lavora per il miglioramento e la valorizzazione del settore primario e per la tutela delle condizioni dei suoi addetti\",\"potentialAction\":[{\"@type\":\"SearchAction\",\"target\":{\"@type\":\"EntryPoint\",\"urlTemplate\":\"https:\\\/\\\/ciapavia.com\\\/?s={search_term_string}\"},\"query-input\":{\"@type\":\"PropertyValueSpecification\",\"valueRequired\":true,\"valueName\":\"search_term_string\"}}],\"inLanguage\":\"it-IT\"},{\"@type\":\"Organization\",\"@id\":\"https:\\\/\\\/ciapavia.com\\\/#organization\",\"name\":\"Cia Pavia\",\"alternateName\":\"Cia Pavia\",\"url\":\"https:\\\/\\\/ciapavia.com\\\/\",\"logo\":{\"@type\":\"ImageObject\",\"inLanguage\":\"it-IT\",\"@id\":\"https:\\\/\\\/ciapavia.com\\\/#\\\/schema\\\/logo\\\/image\\\/\",\"url\":\"https:\\\/\\\/ciapavia.com\\\/wp-content\\\/uploads\\\/2022\\\/12\\\/cropped-cropped-logo_sito.png\",\"contentUrl\":\"https:\\\/\\\/ciapavia.com\\\/wp-content\\\/uploads\\\/2022\\\/12\\\/cropped-cropped-logo_sito.png\",\"width\":720,\"height\":250,\"caption\":\"Cia Pavia\"},\"image\":{\"@id\":\"https:\\\/\\\/ciapavia.com\\\/#\\\/schema\\\/logo\\\/image\\\/\"},\"sameAs\":[\"https:\\\/\\\/www.facebook.com\\\/cia.provinciapavia\"]}]}<\/script>\n<!-- \/ Yoast SEO plugin. -->","yoast_head_json":{"title":"Informativa privacy Agriservice - Cia Agricoltori Italiani Pavia","robots":{"index":"index","follow":"follow","max-snippet":"max-snippet:-1","max-image-preview":"max-image-preview:large","max-video-preview":"max-video-preview:-1"},"canonical":"https:\/\/ciapavia.com\/index.php\/informativa-privacy-agriservice\/","og_locale":"it_IT","og_type":"article","og_title":"Informativa privacy Agriservice - Cia Agricoltori Italiani Pavia","og_description":"AI SENSI DELL\u2019ART. 13 REG. UE 2016\/679 (GDPR) Scarica la versione PDF della pagina Gentile Interessato, con il presente documento AGRISERVICE ELABORAZIONE DATI SRL Le fornisce informazioni sulle caratteristiche e le modalit\u00e0 del trattamento dei Suoi dati personali, acquisiti, anche verbalmente, direttamente o tramite terzi, necessari all\u2019espletamento delle prestazioni amministrative, contabili, gestionali e contrattuali connesse ... Read More about Informativa privacy Agriservice","og_url":"https:\/\/ciapavia.com\/index.php\/informativa-privacy-agriservice\/","og_site_name":"Cia Agricoltori Italiani Pavia","article_publisher":"https:\/\/www.facebook.com\/cia.provinciapavia","article_modified_time":"2024-07-03T13:01:38+00:00","og_image":[{"width":720,"height":250,"url":"https:\/\/ciapavia.com\/wp-content\/uploads\/2022\/12\/logo_sito.png","type":"image\/png"}],"twitter_card":"summary_large_image","twitter_misc":{"Tempo di lettura stimato":"9 minuti"},"schema":{"@context":"https:\/\/schema.org","@graph":[{"@type":"WebPage","@id":"https:\/\/ciapavia.com\/index.php\/informativa-privacy-agriservice\/","url":"https:\/\/ciapavia.com\/index.php\/informativa-privacy-agriservice\/","name":"Informativa privacy Agriservice - Cia Agricoltori Italiani Pavia","isPartOf":{"@id":"https:\/\/ciapavia.com\/#website"},"datePublished":"2024-07-03T12:20:14+00:00","dateModified":"2024-07-03T13:01:38+00:00","breadcrumb":{"@id":"https:\/\/ciapavia.com\/index.php\/informativa-privacy-agriservice\/#breadcrumb"},"inLanguage":"it-IT","potentialAction":[{"@type":"ReadAction","target":["https:\/\/ciapavia.com\/index.php\/informativa-privacy-agriservice\/"]}]},{"@type":"BreadcrumbList","@id":"https:\/\/ciapavia.com\/index.php\/informativa-privacy-agriservice\/#breadcrumb","itemListElement":[{"@type":"ListItem","position":1,"name":"Home","item":"https:\/\/ciapavia.com\/"},{"@type":"ListItem","position":2,"name":"Informativa privacy Agriservice"}]},{"@type":"WebSite","@id":"https:\/\/ciapavia.com\/#website","url":"https:\/\/ciapavia.com\/","name":"Cia Agricoltori Italiani Pavia","description":"La Cia-Agricoltori Italiani \u00e8 una delle maggiori organizzazioni di categoria d\u2019Europa che lavora per il miglioramento e la valorizzazione del settore primario e per la tutela delle condizioni dei suoi addetti","publisher":{"@id":"https:\/\/ciapavia.com\/#organization"},"alternateName":"La Cia-Agricoltori Italiani \u00e8 una delle maggiori organizzazioni di categoria d\u2019Europa che lavora per il miglioramento e la valorizzazione del settore primario e per la tutela delle condizioni dei suoi addetti","potentialAction":[{"@type":"SearchAction","target":{"@type":"EntryPoint","urlTemplate":"https:\/\/ciapavia.com\/?s={search_term_string}"},"query-input":{"@type":"PropertyValueSpecification","valueRequired":true,"valueName":"search_term_string"}}],"inLanguage":"it-IT"},{"@type":"Organization","@id":"https:\/\/ciapavia.com\/#organization","name":"Cia Pavia","alternateName":"Cia Pavia","url":"https:\/\/ciapavia.com\/","logo":{"@type":"ImageObject","inLanguage":"it-IT","@id":"https:\/\/ciapavia.com\/#\/schema\/logo\/image\/","url":"https:\/\/ciapavia.com\/wp-content\/uploads\/2022\/12\/cropped-cropped-logo_sito.png","contentUrl":"https:\/\/ciapavia.com\/wp-content\/uploads\/2022\/12\/cropped-cropped-logo_sito.png","width":720,"height":250,"caption":"Cia Pavia"},"image":{"@id":"https:\/\/ciapavia.com\/#\/schema\/logo\/image\/"},"sameAs":["https:\/\/www.facebook.com\/cia.provinciapavia"]}]}},"_links":{"self":[{"href":"https:\/\/ciapavia.com\/index.php\/wp-json\/wp\/v2\/pages\/548","targetHints":{"allow":["GET"]}}],"collection":[{"href":"https:\/\/ciapavia.com\/index.php\/wp-json\/wp\/v2\/pages"}],"about":[{"href":"https:\/\/ciapavia.com\/index.php\/wp-json\/wp\/v2\/types\/page"}],"author":[{"embeddable":true,"href":"https:\/\/ciapavia.com\/index.php\/wp-json\/wp\/v2\/users\/1"}],"replies":[{"embeddable":true,"href":"https:\/\/ciapavia.com\/index.php\/wp-json\/wp\/v2\/comments?post=548"}],"version-history":[{"count":2,"href":"https:\/\/ciapavia.com\/index.php\/wp-json\/wp\/v2\/pages\/548\/revisions"}],"predecessor-version":[{"id":556,"href":"https:\/\/ciapavia.com\/index.php\/wp-json\/wp\/v2\/pages\/548\/revisions\/556"}],"wp:attachment":[{"href":"https:\/\/ciapavia.com\/index.php\/wp-json\/wp\/v2\/media?parent=548"}],"curies":[{"name":"wp","href":"https:\/\/api.w.org\/{rel}","templated":true}]}}