{"id":3,"date":"2022-11-29T14:52:07","date_gmt":"2022-11-29T14:52:07","guid":{"rendered":"https:\/\/ciapavia.com\/?page_id=3"},"modified":"2023-05-23T10:42:19","modified_gmt":"2023-05-23T10:42:19","slug":"privacy-policy","status":"publish","type":"page","link":"https:\/\/ciapavia.com\/index.php\/privacy-policy\/","title":{"rendered":"Privacy Policy"},"content":{"rendered":"\n<p>In questa pagina vi mostriamo come trattiamo i dati degli utenti che visitano il nostro sito e come agiscono i cookie che vengono installati dal sito stesso.<\/p>\n\n\n\n<p>La presente Privacy Policy \u00e8 resa nel rispetto dell\u2019articolo 13 del GDPR 2016\/679 (General Data Protection Regulation, Regolamento europeo in materia di protezione dei dati personali).<\/p>\n\n\n\n<p>Il CIA \u2013 Agricoltori Pavia si riserva il diritto di modificare o semplicemente aggiornare, in tutto o in parte la presente Privacy Policy. Qualsiasi modifica o aggiornamento alla Privacy Policy sar\u00e0 disponibile per tutti gli utenti nella sezione Privacy del sito appena gli aggiornamenti saranno attivi e saranno vincolanti non appena pubblicati sul sito in questa sezione. Qualora l\u2019Utente non intenda accettare tali modifiche, potr\u00e0 interrompere l\u2019utilizzo del nostro sito. L\u2019uso continuato del nostro sito web e dei nostri prodotti e servizi a seguito della pubblicazione delle suddette modifiche e\/o aggiornamenti equivarr\u00e0 ad accettazione delle modifiche ed al riconoscimento del carattere vincolante dei nuovi termini e condizioni.<\/p>\n\n\n\n<p>Quanto segue si applica unicamente al sito www.ciapavia.com; non siamo responsabili dei dati inseriti e dei cookie installati da parte di altri siti eventualmente consultati tramite link (es. video su YouTube).<\/p>\n\n\n\n<h2 class=\"wp-block-heading\">Raccolta e Trattamento dei Dati<\/h2>\n\n\n\n<h3 class=\"wp-block-heading\">Dati di navigazione<\/h3>\n\n\n\n<p>I sistemi informatici e le procedure software preposte al funzionamento di questo sito Web acquisiscono, nel corso del loro normale esercizio, alcuni dati personali la cui trasmissione \u00e8 implicita nell\u2019uso dei protocolli di comunicazione di Internet. Si tratta di informazioni che non sono raccolte per essere associate a interessati identificati, ma che, per loro stessa natura, potrebbero, attraverso elaborazioni ed associazioni con dati detenuti da terzi, permettere di identificare gli utenti.<\/p>\n\n\n\n<p>In questa categoria di dati rientrano gli indirizzi IP o i nomi a dominio dei computer utilizzati dagli utenti che si connettono al sito, gli indirizzi in notazione URI (Uniform Resource Identifier) delle risorse richieste, l\u2019orario della richiesta, il metodo utilizzato nel sottoporre la richiesta al server, la dimensione del file ottenuto in risposta, il codice numerico indicante lo stato della risposta data dal server (buon fine, errore, ecc.) ed altri parametri relativi al sistema operativo e all\u2019ambiente informatico dell\u2019utente.<\/p>\n\n\n\n<p>Questi dati vengono utilizzati al solo fine di ricavare informazioni statistiche anonime sull\u2019uso del sito e per controllarne il corretto funzionamento, e vengono cancellati immediatamente dopo l\u2019elaborazione.<\/p>\n\n\n\n<p>I dati potrebbero essere utilizzati per l\u2019accertamento di responsabilit\u00e0 in caso di ipotetici reati informatici ai danni del sito.<\/p>\n\n\n\n<h2 class=\"wp-block-heading\">Dati forniti volontariamente dall\u2019utente<\/h2>\n\n\n\n<p>Attraverso il nostro sito potete fornirci dei dati attraverso gli appositi moduli di contatto, i dati forniti sono: Nome e Cognome, Indirizzo E-mail, Azienda (opzionale).<\/p>\n\n\n\n<p>Per il trattamento dei dati relativi alla richiesta d\u2019informazioni occorre il vostro consenso al fine di poter dare seguito alle vostre richieste.<\/p>\n\n\n\n<p>Nel caso in cui dovesse essere necessario, saranno trattati per finalit\u00e0 connesse ad obblighi contrattuali, fiscali e contabili; storico fatturazione; contenzioso e tutela del credito; adempimento di obblighi previsti dalle leggi vigenti e potranno essere comunicati a terzi solo nel caso in cui ci\u00f2 sia necessario a tal fine.<\/p>\n\n\n\n<h2 class=\"wp-block-heading\">Comunicazione, diffusione e durata<\/h2>\n\n\n\n<p>I suoi dati non saranno comunicati n\u00e9 diffusi, senza il vostro specifico e facoltativo consenso, a soggetti terzi rispetto a CIA Agricoltori Pavia tranne che ad Enti ed Istituti per l\u2019espletamento degli obblighi di legge o all\u2019autorit\u00e0 giudiziale, ove vi fosse richiesta. I dati comunicati non saranno da noi trasferiti verso Paesi terzi o organizzazioni internazionali extra UE.<\/p>\n\n\n\n<p>Le informazioni e i dati personali dei visitatori\/utenti raccolti da questo sito, saranno conservati al solo fine di fornire il servizio richiesto e per la durata necessaria al medesimo fine. Una volta completato il servizio, tutti i dati personali saranno distrutti in aderenza alla presente Privacy-Policy, salvo diversa richiesta dell\u2019autorit\u00e0, esigenze di conservazione stabilite dalla legge, oppure salvo diverse indicazioni fornite in sezioni particolari del sito web.<\/p>\n\n\n\n<h2 class=\"wp-block-heading\">Diritti dell\u2019interessato<\/h2>\n\n\n\n<p>Art. 15 Diritto di accesso dell\u2019interessato: l\u2019interessato ha diritto di ottenere la conferma che sia o meno in corso un trattamento di dati personali che lo riguardano in tal caso, di ottenere l\u2019accesso ai dati personali.<\/p>\n\n\n\n<p>Art.16 Diritto di rettifica: l\u2019interessato ha il diritto di ottenere dal titolare del trattamento la rettifica dei dati personali inesatti che lo riguardano senza ingiustificato ritardo. Tenuto conto delle finalit\u00e0 del trattamento, l\u2019interessato ha il diritto di ottenere l\u2019integrazione dei dati personali incompleti, anche fornendo una dichiarazione integrativa.<\/p>\n\n\n\n<p>Art. 17 Diritto alla cancellazione (\u201cdiritto all\u2019oblio\u201d): l\u2019interessato ha il diritto di ottenere dal titolare del trattamento la cancellazione dei dati personali che lo riguardano senza ingiustificato ritardo e il titolare del trattamento ha l\u2019obbligo di cancellare senza ingiustificato ritardo i dati personali, se sussiste uno dei motivi di cui all\u2019art. 17 par.1 lett. a,b,c,d,e,f, par.2, par. 3 lett. a,b,c,d,e.<\/p>\n\n\n\n<p>Art.18. Diritto di limitazione di trattamento: L\u2019interessato ha il diritto di ottenere dal titolare del trattamento la limitazione del trattamento quando ricorre una delle ipotesi di cui all\u2019art.18 par. 1 lett. a,b,c,d, par. 2, par.3.<\/p>\n\n\n\n<p>Art.19 Obbligo di notifica in caso di rettifica o cancellazione dei dati personali o limitazione del trattamento: Il titolare del trattamento comunica a ciascuno dei destinatari cui sono stati trasmessi i dati personali le eventuali rettifiche o cancellazioni o limitazioni del trattamento effettuate a norma dell\u2019art.16, dell\u2019art. 17, par.1, e dell\u2019art.18, salvo che ci\u00f2 si riveli impossibile o implichi uno sforzo sproporzionato. Il titolare del trattamento comunica all\u2019interessato tali destinatari qualora l\u2019interessato lo richieda.<\/p>\n\n\n\n<p>Art.20 Diritto alla portabilit\u00e0 dei dati: l\u2019interessato ha il diritto di ricevere in un formato strutturato, di uso comune e leggibile da dispositivo automatico i dati personali che lo riguardano forniti a un titolare del trattamento e ha il diritto di trasmettere tali dati a un altro titolare del trattamento senza impedimenti da parte del titolare del trattamento cui li ha forniti qualora si presentino i casi di cui all\u2019art.20 par.1 lett. a, b, par.2,3,4.<\/p>\n\n\n\n<p>Art.21 Diritto di opposizione: L\u2019interessato ha il diritto di opporsi in qualsiasi momento, per motivi connessi alla sua situazione particolare, al trattamento dei dati personali che lo riguardano ai sensi dell\u2019articolo 6, par. 1, lett. e o f, compresa la profilazione sulla base di tali disposizioni. Qualora i dati personali siano trattati per finalit\u00e0 di marketing diretto, l\u2019interessato ha il diritto di opporsi in qualsiasi momento al trattamento dei dati personali che lo riguardano effettuato per tali finalit\u00e0, compresa la profilazione nella misura in cui sia connessa a tale marketing diretto. Qualora l\u2019interessato si opponga al trattamento per finalit\u00e0 di marketing diretto, i dati personali non sono pi\u00f9 oggetto di trattamento per tali finalit\u00e0.<\/p>\n\n\n\n<p>Avrete facolt\u00e0 in qualsiasi momento, di esercitare i diritti previsti dalla normativa vigente inviando specifica richiesta all\u2019indirizzo cia.pavia@cia.it.<\/p>\n\n\n\n<h2 class=\"wp-block-heading\">TITOLARE DEL TRATTAMENTO DEI DATI<\/h2>\n\n\n\n<p>Cia Agricoltori Italiani Cia Pavia, sede via san Paolo 16, 27100 \u2013 Pavia, Codice Fiscale 96001670189. Indirizzo email del Titolare: <a href=\"mailto:cia.pavia@cia.it\">cia.pavia@cia.it<\/a><\/p>\n\n\n\n<hr class=\"wp-block-separator has-alpha-channel-opacity\"\/>\n\n\n\n<p><\/p>\n","protected":false},"excerpt":{"rendered":"<p>In questa pagina vi mostriamo come trattiamo i dati degli utenti che visitano il nostro sito e come agiscono i cookie che vengono installati dal sito stesso. La presente Privacy Policy \u00e8 resa nel rispetto dell\u2019articolo 13 del GDPR 2016\/679 (General Data Protection Regulation, Regolamento europeo in materia di protezione dei dati personali). Il CIA &#8230; <a href=\"https:\/\/ciapavia.com\/index.php\/privacy-policy\/\" class=\"more-link\">Read More <span class=\"screen-reader-text\">about  Privacy Policy<\/span><\/a><\/p>\n","protected":false},"author":1,"featured_media":0,"parent":0,"menu_order":0,"comment_status":"closed","ping_status":"open","template":"","meta":{"_genesis_hide_title":false,"_genesis_hide_breadcrumbs":false,"_genesis_hide_singular_image":false,"_genesis_hide_footer_widgets":false,"_genesis_custom_body_class":"","_genesis_custom_post_class":"","_genesis_layout":"","footnotes":""},"class_list":{"0":"post-3","1":"page","2":"type-page","3":"status-publish","5":"entry"},"yoast_head":"<!-- This site is optimized with the Yoast SEO plugin v27.3 - https:\/\/yoast.com\/product\/yoast-seo-wordpress\/ -->\n<title>Privacy Policy - Cia Agricoltori Italiani Pavia<\/title>\n<meta name=\"robots\" content=\"index, follow, max-snippet:-1, max-image-preview:large, max-video-preview:-1\" \/>\n<link rel=\"canonical\" href=\"https:\/\/ciapavia.com\/index.php\/privacy-policy\/\" \/>\n<meta property=\"og:locale\" content=\"it_IT\" \/>\n<meta property=\"og:type\" content=\"article\" \/>\n<meta property=\"og:title\" content=\"Privacy Policy - Cia Agricoltori Italiani Pavia\" \/>\n<meta property=\"og:description\" content=\"In questa pagina vi mostriamo come trattiamo i dati degli utenti che visitano il nostro sito e come agiscono i cookie che vengono installati dal sito stesso. La presente Privacy Policy \u00e8 resa nel rispetto dell\u2019articolo 13 del GDPR 2016\/679 (General Data Protection Regulation, Regolamento europeo in materia di protezione dei dati personali). Il CIA ... Read More about Privacy Policy\" \/>\n<meta property=\"og:url\" content=\"https:\/\/ciapavia.com\/index.php\/privacy-policy\/\" \/>\n<meta property=\"og:site_name\" content=\"Cia Agricoltori Italiani Pavia\" \/>\n<meta property=\"article:publisher\" content=\"https:\/\/www.facebook.com\/cia.provinciapavia\" \/>\n<meta property=\"article:modified_time\" content=\"2023-05-23T10:42:19+00:00\" \/>\n<meta property=\"og:image\" content=\"https:\/\/ciapavia.com\/wp-content\/uploads\/2022\/12\/logo_sito.png\" \/>\n\t<meta property=\"og:image:width\" content=\"720\" \/>\n\t<meta property=\"og:image:height\" content=\"250\" \/>\n\t<meta property=\"og:image:type\" content=\"image\/png\" \/>\n<meta name=\"twitter:card\" content=\"summary_large_image\" \/>\n<meta name=\"twitter:label1\" content=\"Tempo di lettura stimato\" \/>\n\t<meta name=\"twitter:data1\" content=\"6 minuti\" \/>\n<script type=\"application\/ld+json\" class=\"yoast-schema-graph\">{\"@context\":\"https:\\\/\\\/schema.org\",\"@graph\":[{\"@type\":\"WebPage\",\"@id\":\"https:\\\/\\\/ciapavia.com\\\/index.php\\\/privacy-policy\\\/\",\"url\":\"https:\\\/\\\/ciapavia.com\\\/index.php\\\/privacy-policy\\\/\",\"name\":\"Privacy Policy - Cia Agricoltori Italiani Pavia\",\"isPartOf\":{\"@id\":\"https:\\\/\\\/ciapavia.com\\\/#website\"},\"datePublished\":\"2022-11-29T14:52:07+00:00\",\"dateModified\":\"2023-05-23T10:42:19+00:00\",\"breadcrumb\":{\"@id\":\"https:\\\/\\\/ciapavia.com\\\/index.php\\\/privacy-policy\\\/#breadcrumb\"},\"inLanguage\":\"it-IT\",\"potentialAction\":[{\"@type\":\"ReadAction\",\"target\":[\"https:\\\/\\\/ciapavia.com\\\/index.php\\\/privacy-policy\\\/\"]}]},{\"@type\":\"BreadcrumbList\",\"@id\":\"https:\\\/\\\/ciapavia.com\\\/index.php\\\/privacy-policy\\\/#breadcrumb\",\"itemListElement\":[{\"@type\":\"ListItem\",\"position\":1,\"name\":\"Home\",\"item\":\"https:\\\/\\\/ciapavia.com\\\/\"},{\"@type\":\"ListItem\",\"position\":2,\"name\":\"Privacy Policy\"}]},{\"@type\":\"WebSite\",\"@id\":\"https:\\\/\\\/ciapavia.com\\\/#website\",\"url\":\"https:\\\/\\\/ciapavia.com\\\/\",\"name\":\"Cia Agricoltori Italiani Pavia\",\"description\":\"La Cia-Agricoltori Italiani \u00e8 una delle maggiori organizzazioni di categoria d\u2019Europa che lavora per il miglioramento e la valorizzazione del settore primario e per la tutela delle condizioni dei suoi addetti\",\"publisher\":{\"@id\":\"https:\\\/\\\/ciapavia.com\\\/#organization\"},\"alternateName\":\"La Cia-Agricoltori Italiani \u00e8 una delle maggiori organizzazioni di categoria d\u2019Europa che lavora per il miglioramento e la valorizzazione del settore primario e per la tutela delle condizioni dei suoi addetti\",\"potentialAction\":[{\"@type\":\"SearchAction\",\"target\":{\"@type\":\"EntryPoint\",\"urlTemplate\":\"https:\\\/\\\/ciapavia.com\\\/?s={search_term_string}\"},\"query-input\":{\"@type\":\"PropertyValueSpecification\",\"valueRequired\":true,\"valueName\":\"search_term_string\"}}],\"inLanguage\":\"it-IT\"},{\"@type\":\"Organization\",\"@id\":\"https:\\\/\\\/ciapavia.com\\\/#organization\",\"name\":\"Cia Pavia\",\"alternateName\":\"Cia Pavia\",\"url\":\"https:\\\/\\\/ciapavia.com\\\/\",\"logo\":{\"@type\":\"ImageObject\",\"inLanguage\":\"it-IT\",\"@id\":\"https:\\\/\\\/ciapavia.com\\\/#\\\/schema\\\/logo\\\/image\\\/\",\"url\":\"https:\\\/\\\/ciapavia.com\\\/wp-content\\\/uploads\\\/2022\\\/12\\\/cropped-cropped-logo_sito.png\",\"contentUrl\":\"https:\\\/\\\/ciapavia.com\\\/wp-content\\\/uploads\\\/2022\\\/12\\\/cropped-cropped-logo_sito.png\",\"width\":720,\"height\":250,\"caption\":\"Cia Pavia\"},\"image\":{\"@id\":\"https:\\\/\\\/ciapavia.com\\\/#\\\/schema\\\/logo\\\/image\\\/\"},\"sameAs\":[\"https:\\\/\\\/www.facebook.com\\\/cia.provinciapavia\"]}]}<\/script>\n<!-- \/ Yoast SEO plugin. -->","yoast_head_json":{"title":"Privacy Policy - Cia Agricoltori Italiani Pavia","robots":{"index":"index","follow":"follow","max-snippet":"max-snippet:-1","max-image-preview":"max-image-preview:large","max-video-preview":"max-video-preview:-1"},"canonical":"https:\/\/ciapavia.com\/index.php\/privacy-policy\/","og_locale":"it_IT","og_type":"article","og_title":"Privacy Policy - Cia Agricoltori Italiani Pavia","og_description":"In questa pagina vi mostriamo come trattiamo i dati degli utenti che visitano il nostro sito e come agiscono i cookie che vengono installati dal sito stesso. La presente Privacy Policy \u00e8 resa nel rispetto dell\u2019articolo 13 del GDPR 2016\/679 (General Data Protection Regulation, Regolamento europeo in materia di protezione dei dati personali). Il CIA ... Read More about Privacy Policy","og_url":"https:\/\/ciapavia.com\/index.php\/privacy-policy\/","og_site_name":"Cia Agricoltori Italiani Pavia","article_publisher":"https:\/\/www.facebook.com\/cia.provinciapavia","article_modified_time":"2023-05-23T10:42:19+00:00","og_image":[{"width":720,"height":250,"url":"https:\/\/ciapavia.com\/wp-content\/uploads\/2022\/12\/logo_sito.png","type":"image\/png"}],"twitter_card":"summary_large_image","twitter_misc":{"Tempo di lettura stimato":"6 minuti"},"schema":{"@context":"https:\/\/schema.org","@graph":[{"@type":"WebPage","@id":"https:\/\/ciapavia.com\/index.php\/privacy-policy\/","url":"https:\/\/ciapavia.com\/index.php\/privacy-policy\/","name":"Privacy Policy - Cia Agricoltori Italiani Pavia","isPartOf":{"@id":"https:\/\/ciapavia.com\/#website"},"datePublished":"2022-11-29T14:52:07+00:00","dateModified":"2023-05-23T10:42:19+00:00","breadcrumb":{"@id":"https:\/\/ciapavia.com\/index.php\/privacy-policy\/#breadcrumb"},"inLanguage":"it-IT","potentialAction":[{"@type":"ReadAction","target":["https:\/\/ciapavia.com\/index.php\/privacy-policy\/"]}]},{"@type":"BreadcrumbList","@id":"https:\/\/ciapavia.com\/index.php\/privacy-policy\/#breadcrumb","itemListElement":[{"@type":"ListItem","position":1,"name":"Home","item":"https:\/\/ciapavia.com\/"},{"@type":"ListItem","position":2,"name":"Privacy Policy"}]},{"@type":"WebSite","@id":"https:\/\/ciapavia.com\/#website","url":"https:\/\/ciapavia.com\/","name":"Cia Agricoltori Italiani Pavia","description":"La Cia-Agricoltori Italiani \u00e8 una delle maggiori organizzazioni di categoria d\u2019Europa che lavora per il miglioramento e la valorizzazione del settore primario e per la tutela delle condizioni dei suoi addetti","publisher":{"@id":"https:\/\/ciapavia.com\/#organization"},"alternateName":"La Cia-Agricoltori Italiani \u00e8 una delle maggiori organizzazioni di categoria d\u2019Europa che lavora per il miglioramento e la valorizzazione del settore primario e per la tutela delle condizioni dei suoi addetti","potentialAction":[{"@type":"SearchAction","target":{"@type":"EntryPoint","urlTemplate":"https:\/\/ciapavia.com\/?s={search_term_string}"},"query-input":{"@type":"PropertyValueSpecification","valueRequired":true,"valueName":"search_term_string"}}],"inLanguage":"it-IT"},{"@type":"Organization","@id":"https:\/\/ciapavia.com\/#organization","name":"Cia Pavia","alternateName":"Cia Pavia","url":"https:\/\/ciapavia.com\/","logo":{"@type":"ImageObject","inLanguage":"it-IT","@id":"https:\/\/ciapavia.com\/#\/schema\/logo\/image\/","url":"https:\/\/ciapavia.com\/wp-content\/uploads\/2022\/12\/cropped-cropped-logo_sito.png","contentUrl":"https:\/\/ciapavia.com\/wp-content\/uploads\/2022\/12\/cropped-cropped-logo_sito.png","width":720,"height":250,"caption":"Cia Pavia"},"image":{"@id":"https:\/\/ciapavia.com\/#\/schema\/logo\/image\/"},"sameAs":["https:\/\/www.facebook.com\/cia.provinciapavia"]}]}},"_links":{"self":[{"href":"https:\/\/ciapavia.com\/index.php\/wp-json\/wp\/v2\/pages\/3","targetHints":{"allow":["GET"]}}],"collection":[{"href":"https:\/\/ciapavia.com\/index.php\/wp-json\/wp\/v2\/pages"}],"about":[{"href":"https:\/\/ciapavia.com\/index.php\/wp-json\/wp\/v2\/types\/page"}],"author":[{"embeddable":true,"href":"https:\/\/ciapavia.com\/index.php\/wp-json\/wp\/v2\/users\/1"}],"replies":[{"embeddable":true,"href":"https:\/\/ciapavia.com\/index.php\/wp-json\/wp\/v2\/comments?post=3"}],"version-history":[{"count":5,"href":"https:\/\/ciapavia.com\/index.php\/wp-json\/wp\/v2\/pages\/3\/revisions"}],"predecessor-version":[{"id":168,"href":"https:\/\/ciapavia.com\/index.php\/wp-json\/wp\/v2\/pages\/3\/revisions\/168"}],"wp:attachment":[{"href":"https:\/\/ciapavia.com\/index.php\/wp-json\/wp\/v2\/media?parent=3"}],"curies":[{"name":"wp","href":"https:\/\/api.w.org\/{rel}","templated":true}]}}