{"id":150,"date":"2023-05-16T14:14:25","date_gmt":"2023-05-16T14:14:25","guid":{"rendered":"https:\/\/ciapavia.com\/?page_id=150"},"modified":"2023-05-16T14:14:25","modified_gmt":"2023-05-16T14:14:25","slug":"la-condizionalita-sociale","status":"publish","type":"page","link":"https:\/\/ciapavia.com\/index.php\/la-condizionalita-sociale\/","title":{"rendered":"La condizionalit\u00e0 sociale"},"content":{"rendered":"\n<p>La condizionalit\u00e0 sociale \u00e8 stata introdotta dall\u2019art. 14 del regolamento (UE) 2021\/2115 e contenuta nel Piano Strategico Nazionale della <strong>PAC.&nbsp; Tale principio prevede che le aziende beneficiarie di contributi sulla Nuova Pac debbano essere in piena regola con la disciplina vigente in materia di Sicurezza sul Lavoro e agire, per quanto riguarda i propri dipendenti, nel pieno rispetto del CCNL e della relativa normativa previdenziale.<\/strong><\/p>\n\n\n\n<p>Il controllo sul rispetto della condizionalit\u00e0 sociale \u00e8 demandato alle seguenti Autorit\u00e0 Competenti:<\/p>\n\n\n\n<p>a) Ispettorato nazionale del lavoro, con competenze di controllo e sanzionatorie inerenti alle direttive 2019\/1152\/UE, 89\/391\/CE e 2009\/104\/CE;<\/p>\n\n\n\n<p>b) Corpo nazionale dei Vigili del fuoco, con competenze di controllo e sanzionatorie inerenti alla direttiva 89\/391\/CE;<\/p>\n\n\n\n<p>c) Ministero della salute e Regioni (Aziende sanitarie locali), con competenze di controllo e sanzionatorie inerenti alle direttive 89\/391\/CE e 2009\/104\/CE.<\/p>\n\n\n\n<p>Il MASAAF ha declinato l\u2019applicazione del regime di condizionalit\u00e0 sociale attraverso il Decreto 28 dicembre 2022 \u201cDisciplina del regime di condizionalit\u00e0 sociale ai sensi del regolamento (UE) 2021\/2115 e del regolamento (UE) 2021\/2116.\u201d Pubblicato in Gazzetta Ufficiale, Serie Generale n.44 del 21-02-2023.<\/p>\n\n\n\n<p>Non \u00e8 ancora stato definito in dettaglio il sistema sanzionatorio. Ci\u00f2 che \u00e8 certo \u00e8 che il rispetto delle indicazioni in materia di Salute e Sicurezza nei luoghi di lavoro (D.Lgs. 81\/2008) e la corretta gestione del personale dipendente diventano ancora pi\u00f9 importanti nell\u2019attivit\u00e0 delle aziende agricole.<\/p>\n\n\n\n<p>In sintesi, ricordiamo i principali adempimenti per le aziende e per i Datori di Lavoro in particolare:<\/p>\n\n\n\n<p>&#8211; redazione DVR ai sensi del D.lgs 81\/08 con analisi dei processi di lavoro in azienda e dei principali rischi per ciascuno di questi;<\/p>\n\n\n\n<p>&#8211; uso dei DPI (Dispositivi di Protezione Individuale) necessari e citati nel DVR;<\/p>\n\n\n\n<p>&#8211; nomina Medico Competente e visite mediche dei nuovi assunti per valutare l&#8217;idoneit\u00e0 alla mansione dei dipendenti in fase di assunzione, poi secondo la periodicit\u00e0 di legge;<\/p>\n\n\n\n<p>&#8211; nomina RSPP e formazione obbligatoria in ambito sicurezza, da valutare con consulenti incaricati, quali, ad esempio: formazione generale e specifica dei lavoratori, antincendio, primo soccorso, uso dei prodotti fitosanitari, patenti per conduzione trattori e uso attrezzature, ecc.<\/p>\n","protected":false},"excerpt":{"rendered":"<p>La condizionalit\u00e0 sociale \u00e8 stata introdotta dall\u2019art. 14 del regolamento (UE) 2021\/2115 e contenuta nel Piano Strategico Nazionale della PAC.&nbsp; Tale principio prevede che le aziende beneficiarie di contributi sulla Nuova Pac debbano essere in piena regola con la disciplina vigente in materia di Sicurezza sul Lavoro e agire, per quanto riguarda i propri dipendenti, &#8230; <a href=\"https:\/\/ciapavia.com\/index.php\/la-condizionalita-sociale\/\" class=\"more-link\">Read More <span class=\"screen-reader-text\">about  La condizionalit\u00e0 sociale<\/span><\/a><\/p>\n","protected":false},"author":1,"featured_media":0,"parent":0,"menu_order":0,"comment_status":"closed","ping_status":"closed","template":"","meta":{"_genesis_hide_title":false,"_genesis_hide_breadcrumbs":false,"_genesis_hide_singular_image":false,"_genesis_hide_footer_widgets":false,"_genesis_custom_body_class":"","_genesis_custom_post_class":"","_genesis_layout":"","footnotes":""},"class_list":{"0":"post-150","1":"page","2":"type-page","3":"status-publish","5":"entry"},"yoast_head":"<!-- This site is optimized with the Yoast SEO plugin v27.3 - https:\/\/yoast.com\/product\/yoast-seo-wordpress\/ -->\n<title>La condizionalit\u00e0 sociale - Cia Agricoltori Italiani Pavia<\/title>\n<meta name=\"robots\" content=\"index, follow, max-snippet:-1, max-image-preview:large, max-video-preview:-1\" \/>\n<link rel=\"canonical\" href=\"https:\/\/ciapavia.com\/index.php\/la-condizionalita-sociale\/\" \/>\n<meta property=\"og:locale\" content=\"it_IT\" \/>\n<meta property=\"og:type\" content=\"article\" \/>\n<meta property=\"og:title\" content=\"La condizionalit\u00e0 sociale - Cia Agricoltori Italiani Pavia\" \/>\n<meta property=\"og:description\" content=\"La condizionalit\u00e0 sociale \u00e8 stata introdotta dall\u2019art. 14 del regolamento (UE) 2021\/2115 e contenuta nel Piano Strategico Nazionale della PAC.&nbsp; Tale principio prevede che le aziende beneficiarie di contributi sulla Nuova Pac debbano essere in piena regola con la disciplina vigente in materia di Sicurezza sul Lavoro e agire, per quanto riguarda i propri dipendenti, ... Read More about La condizionalit\u00e0 sociale\" \/>\n<meta property=\"og:url\" content=\"https:\/\/ciapavia.com\/index.php\/la-condizionalita-sociale\/\" \/>\n<meta property=\"og:site_name\" content=\"Cia Agricoltori Italiani Pavia\" \/>\n<meta property=\"article:publisher\" content=\"https:\/\/www.facebook.com\/cia.provinciapavia\" \/>\n<meta property=\"og:image\" content=\"https:\/\/ciapavia.com\/wp-content\/uploads\/2022\/12\/logo_sito.png\" \/>\n\t<meta property=\"og:image:width\" content=\"720\" \/>\n\t<meta property=\"og:image:height\" content=\"250\" \/>\n\t<meta property=\"og:image:type\" content=\"image\/png\" \/>\n<meta name=\"twitter:card\" content=\"summary_large_image\" \/>\n<meta name=\"twitter:label1\" content=\"Tempo di lettura stimato\" \/>\n\t<meta name=\"twitter:data1\" content=\"2 minuti\" \/>\n<script type=\"application\/ld+json\" class=\"yoast-schema-graph\">{\"@context\":\"https:\\\/\\\/schema.org\",\"@graph\":[{\"@type\":\"WebPage\",\"@id\":\"https:\\\/\\\/ciapavia.com\\\/index.php\\\/la-condizionalita-sociale\\\/\",\"url\":\"https:\\\/\\\/ciapavia.com\\\/index.php\\\/la-condizionalita-sociale\\\/\",\"name\":\"La condizionalit\u00e0 sociale - Cia Agricoltori Italiani Pavia\",\"isPartOf\":{\"@id\":\"https:\\\/\\\/ciapavia.com\\\/#website\"},\"datePublished\":\"2023-05-16T14:14:25+00:00\",\"breadcrumb\":{\"@id\":\"https:\\\/\\\/ciapavia.com\\\/index.php\\\/la-condizionalita-sociale\\\/#breadcrumb\"},\"inLanguage\":\"it-IT\",\"potentialAction\":[{\"@type\":\"ReadAction\",\"target\":[\"https:\\\/\\\/ciapavia.com\\\/index.php\\\/la-condizionalita-sociale\\\/\"]}]},{\"@type\":\"BreadcrumbList\",\"@id\":\"https:\\\/\\\/ciapavia.com\\\/index.php\\\/la-condizionalita-sociale\\\/#breadcrumb\",\"itemListElement\":[{\"@type\":\"ListItem\",\"position\":1,\"name\":\"Home\",\"item\":\"https:\\\/\\\/ciapavia.com\\\/\"},{\"@type\":\"ListItem\",\"position\":2,\"name\":\"La condizionalit\u00e0 sociale\"}]},{\"@type\":\"WebSite\",\"@id\":\"https:\\\/\\\/ciapavia.com\\\/#website\",\"url\":\"https:\\\/\\\/ciapavia.com\\\/\",\"name\":\"Cia Agricoltori Italiani Pavia\",\"description\":\"La Cia-Agricoltori Italiani \u00e8 una delle maggiori organizzazioni di categoria d\u2019Europa che lavora per il miglioramento e la valorizzazione del settore primario e per la tutela delle condizioni dei suoi addetti\",\"publisher\":{\"@id\":\"https:\\\/\\\/ciapavia.com\\\/#organization\"},\"alternateName\":\"La Cia-Agricoltori Italiani \u00e8 una delle maggiori organizzazioni di categoria d\u2019Europa che lavora per il miglioramento e la valorizzazione del settore primario e per la tutela delle condizioni dei suoi addetti\",\"potentialAction\":[{\"@type\":\"SearchAction\",\"target\":{\"@type\":\"EntryPoint\",\"urlTemplate\":\"https:\\\/\\\/ciapavia.com\\\/?s={search_term_string}\"},\"query-input\":{\"@type\":\"PropertyValueSpecification\",\"valueRequired\":true,\"valueName\":\"search_term_string\"}}],\"inLanguage\":\"it-IT\"},{\"@type\":\"Organization\",\"@id\":\"https:\\\/\\\/ciapavia.com\\\/#organization\",\"name\":\"Cia Pavia\",\"alternateName\":\"Cia Pavia\",\"url\":\"https:\\\/\\\/ciapavia.com\\\/\",\"logo\":{\"@type\":\"ImageObject\",\"inLanguage\":\"it-IT\",\"@id\":\"https:\\\/\\\/ciapavia.com\\\/#\\\/schema\\\/logo\\\/image\\\/\",\"url\":\"https:\\\/\\\/ciapavia.com\\\/wp-content\\\/uploads\\\/2022\\\/12\\\/cropped-cropped-logo_sito.png\",\"contentUrl\":\"https:\\\/\\\/ciapavia.com\\\/wp-content\\\/uploads\\\/2022\\\/12\\\/cropped-cropped-logo_sito.png\",\"width\":720,\"height\":250,\"caption\":\"Cia Pavia\"},\"image\":{\"@id\":\"https:\\\/\\\/ciapavia.com\\\/#\\\/schema\\\/logo\\\/image\\\/\"},\"sameAs\":[\"https:\\\/\\\/www.facebook.com\\\/cia.provinciapavia\"]}]}<\/script>\n<!-- \/ Yoast SEO plugin. -->","yoast_head_json":{"title":"La condizionalit\u00e0 sociale - Cia Agricoltori Italiani Pavia","robots":{"index":"index","follow":"follow","max-snippet":"max-snippet:-1","max-image-preview":"max-image-preview:large","max-video-preview":"max-video-preview:-1"},"canonical":"https:\/\/ciapavia.com\/index.php\/la-condizionalita-sociale\/","og_locale":"it_IT","og_type":"article","og_title":"La condizionalit\u00e0 sociale - Cia Agricoltori Italiani Pavia","og_description":"La condizionalit\u00e0 sociale \u00e8 stata introdotta dall\u2019art. 14 del regolamento (UE) 2021\/2115 e contenuta nel Piano Strategico Nazionale della PAC.&nbsp; Tale principio prevede che le aziende beneficiarie di contributi sulla Nuova Pac debbano essere in piena regola con la disciplina vigente in materia di Sicurezza sul Lavoro e agire, per quanto riguarda i propri dipendenti, ... Read More about La condizionalit\u00e0 sociale","og_url":"https:\/\/ciapavia.com\/index.php\/la-condizionalita-sociale\/","og_site_name":"Cia Agricoltori Italiani Pavia","article_publisher":"https:\/\/www.facebook.com\/cia.provinciapavia","og_image":[{"width":720,"height":250,"url":"https:\/\/ciapavia.com\/wp-content\/uploads\/2022\/12\/logo_sito.png","type":"image\/png"}],"twitter_card":"summary_large_image","twitter_misc":{"Tempo di lettura stimato":"2 minuti"},"schema":{"@context":"https:\/\/schema.org","@graph":[{"@type":"WebPage","@id":"https:\/\/ciapavia.com\/index.php\/la-condizionalita-sociale\/","url":"https:\/\/ciapavia.com\/index.php\/la-condizionalita-sociale\/","name":"La condizionalit\u00e0 sociale - Cia Agricoltori Italiani Pavia","isPartOf":{"@id":"https:\/\/ciapavia.com\/#website"},"datePublished":"2023-05-16T14:14:25+00:00","breadcrumb":{"@id":"https:\/\/ciapavia.com\/index.php\/la-condizionalita-sociale\/#breadcrumb"},"inLanguage":"it-IT","potentialAction":[{"@type":"ReadAction","target":["https:\/\/ciapavia.com\/index.php\/la-condizionalita-sociale\/"]}]},{"@type":"BreadcrumbList","@id":"https:\/\/ciapavia.com\/index.php\/la-condizionalita-sociale\/#breadcrumb","itemListElement":[{"@type":"ListItem","position":1,"name":"Home","item":"https:\/\/ciapavia.com\/"},{"@type":"ListItem","position":2,"name":"La condizionalit\u00e0 sociale"}]},{"@type":"WebSite","@id":"https:\/\/ciapavia.com\/#website","url":"https:\/\/ciapavia.com\/","name":"Cia Agricoltori Italiani Pavia","description":"La Cia-Agricoltori Italiani \u00e8 una delle maggiori organizzazioni di categoria d\u2019Europa che lavora per il miglioramento e la valorizzazione del settore primario e per la tutela delle condizioni dei suoi addetti","publisher":{"@id":"https:\/\/ciapavia.com\/#organization"},"alternateName":"La Cia-Agricoltori Italiani \u00e8 una delle maggiori organizzazioni di categoria d\u2019Europa che lavora per il miglioramento e la valorizzazione del settore primario e per la tutela delle condizioni dei suoi addetti","potentialAction":[{"@type":"SearchAction","target":{"@type":"EntryPoint","urlTemplate":"https:\/\/ciapavia.com\/?s={search_term_string}"},"query-input":{"@type":"PropertyValueSpecification","valueRequired":true,"valueName":"search_term_string"}}],"inLanguage":"it-IT"},{"@type":"Organization","@id":"https:\/\/ciapavia.com\/#organization","name":"Cia Pavia","alternateName":"Cia Pavia","url":"https:\/\/ciapavia.com\/","logo":{"@type":"ImageObject","inLanguage":"it-IT","@id":"https:\/\/ciapavia.com\/#\/schema\/logo\/image\/","url":"https:\/\/ciapavia.com\/wp-content\/uploads\/2022\/12\/cropped-cropped-logo_sito.png","contentUrl":"https:\/\/ciapavia.com\/wp-content\/uploads\/2022\/12\/cropped-cropped-logo_sito.png","width":720,"height":250,"caption":"Cia Pavia"},"image":{"@id":"https:\/\/ciapavia.com\/#\/schema\/logo\/image\/"},"sameAs":["https:\/\/www.facebook.com\/cia.provinciapavia"]}]}},"_links":{"self":[{"href":"https:\/\/ciapavia.com\/index.php\/wp-json\/wp\/v2\/pages\/150","targetHints":{"allow":["GET"]}}],"collection":[{"href":"https:\/\/ciapavia.com\/index.php\/wp-json\/wp\/v2\/pages"}],"about":[{"href":"https:\/\/ciapavia.com\/index.php\/wp-json\/wp\/v2\/types\/page"}],"author":[{"embeddable":true,"href":"https:\/\/ciapavia.com\/index.php\/wp-json\/wp\/v2\/users\/1"}],"replies":[{"embeddable":true,"href":"https:\/\/ciapavia.com\/index.php\/wp-json\/wp\/v2\/comments?post=150"}],"version-history":[{"count":1,"href":"https:\/\/ciapavia.com\/index.php\/wp-json\/wp\/v2\/pages\/150\/revisions"}],"predecessor-version":[{"id":151,"href":"https:\/\/ciapavia.com\/index.php\/wp-json\/wp\/v2\/pages\/150\/revisions\/151"}],"wp:attachment":[{"href":"https:\/\/ciapavia.com\/index.php\/wp-json\/wp\/v2\/media?parent=150"}],"curies":[{"name":"wp","href":"https:\/\/api.w.org\/{rel}","templated":true}]}}